{"id":642,"date":"2026-01-30T13:03:28","date_gmt":"2026-01-30T11:03:28","guid":{"rendered":"https:\/\/www.tallerjm.com\/politica-de-privacitat\/"},"modified":"2026-02-16T19:02:18","modified_gmt":"2026-02-16T17:02:18","slug":"politica-de-privacidad","status":"publish","type":"page","link":"https:\/\/www.tallerjm.com\/es\/politica-de-privacidad\/","title":{"rendered":"Pol\u00edtica de privacidad"},"content":{"rendered":"","protected":false},"excerpt":{"rendered":"","protected":false},"author":1,"featured_media":0,"parent":0,"menu_order":0,"comment_status":"closed","ping_status":"closed","template":"","meta":{"footnotes":""},"class_list":["post-642","page","type-page","status-publish","hentry"],"yoast_head":"<!-- This site is optimized with the Yoast SEO plugin v27.5 - https:\/\/yoast.com\/product\/yoast-seo-wordpress\/ -->\n<title>Pol\u00edtica de Privacidad | Taller JM - Protecci\u00f3n de Datos Personales<\/title>\n<meta name=\"description\" content=\"Consulta la Pol\u00edtica de Privacidad de Taller JM. Descubre c\u00f3mo recogemos, utilizamos y protegemos tus datos personales y los derechos que tienes como usuario.\" \/>\n<meta name=\"robots\" content=\"index, follow, max-snippet:-1, max-image-preview:large, max-video-preview:-1\" \/>\n<link rel=\"canonical\" href=\"https:\/\/www.tallerjm.com\/es\/politica-de-privacidad\/\" \/>\n<meta property=\"og:locale\" content=\"es_ES\" \/>\n<meta property=\"og:type\" content=\"article\" \/>\n<meta property=\"og:title\" content=\"Pol\u00edtica de Privacidad | Taller JM - Protecci\u00f3n de Datos Personales\" \/>\n<meta property=\"og:description\" content=\"Consulta la Pol\u00edtica de Privacidad de Taller JM. Descubre c\u00f3mo recogemos, utilizamos y protegemos tus datos personales y los derechos que tienes como usuario.\" \/>\n<meta property=\"og:url\" content=\"https:\/\/www.tallerjm.com\/es\/politica-de-privacidad\/\" \/>\n<meta property=\"og:site_name\" content=\"Taller J.M.\" \/>\n<meta property=\"article:modified_time\" content=\"2026-02-16T17:02:18+00:00\" \/>\n<meta name=\"twitter:card\" content=\"summary_large_image\" \/>\n<script type=\"application\/ld+json\" class=\"yoast-schema-graph\">{\"@context\":\"https:\\\/\\\/schema.org\",\"@graph\":[{\"@type\":\"WebPage\",\"@id\":\"https:\\\/\\\/www.tallerjm.com\\\/es\\\/politica-de-privacidad\\\/\",\"url\":\"https:\\\/\\\/www.tallerjm.com\\\/es\\\/politica-de-privacidad\\\/\",\"name\":\"Pol\u00edtica de Privacidad | Taller JM - Protecci\u00f3n de Datos Personales\",\"isPartOf\":{\"@id\":\"https:\\\/\\\/www.tallerjm.com\\\/es\\\/#website\"},\"datePublished\":\"2026-01-30T11:03:28+00:00\",\"dateModified\":\"2026-02-16T17:02:18+00:00\",\"description\":\"Consulta la Pol\u00edtica de Privacidad de Taller JM. Descubre c\u00f3mo recogemos, utilizamos y protegemos tus datos personales y los derechos que tienes como usuario.\",\"breadcrumb\":{\"@id\":\"https:\\\/\\\/www.tallerjm.com\\\/es\\\/politica-de-privacidad\\\/#breadcrumb\"},\"inLanguage\":\"es\",\"potentialAction\":[{\"@type\":\"ReadAction\",\"target\":[\"https:\\\/\\\/www.tallerjm.com\\\/es\\\/politica-de-privacidad\\\/\"]}]},{\"@type\":\"BreadcrumbList\",\"@id\":\"https:\\\/\\\/www.tallerjm.com\\\/es\\\/politica-de-privacidad\\\/#breadcrumb\",\"itemListElement\":[{\"@type\":\"ListItem\",\"position\":1,\"name\":\"Inici\",\"item\":\"https:\\\/\\\/www.tallerjm.com\\\/es\\\/\"},{\"@type\":\"ListItem\",\"position\":2,\"name\":\"Pol\u00edtica de privacidad\"}]},{\"@type\":\"WebSite\",\"@id\":\"https:\\\/\\\/www.tallerjm.com\\\/es\\\/#website\",\"url\":\"https:\\\/\\\/www.tallerjm.com\\\/es\\\/\",\"name\":\"Taller J.M.\",\"description\":\"\",\"potentialAction\":[{\"@type\":\"SearchAction\",\"target\":{\"@type\":\"EntryPoint\",\"urlTemplate\":\"https:\\\/\\\/www.tallerjm.com\\\/es\\\/?s={search_term_string}\"},\"query-input\":{\"@type\":\"PropertyValueSpecification\",\"valueRequired\":true,\"valueName\":\"search_term_string\"}}],\"inLanguage\":\"es\"}]}<\/script>\n<!-- \/ Yoast SEO plugin. -->","yoast_head_json":{"title":"Pol\u00edtica de Privacidad | Taller JM - Protecci\u00f3n de Datos Personales","description":"Consulta la Pol\u00edtica de Privacidad de Taller JM. Descubre c\u00f3mo recogemos, utilizamos y protegemos tus datos personales y los derechos que tienes como usuario.","robots":{"index":"index","follow":"follow","max-snippet":"max-snippet:-1","max-image-preview":"max-image-preview:large","max-video-preview":"max-video-preview:-1"},"canonical":"https:\/\/www.tallerjm.com\/es\/politica-de-privacidad\/","og_locale":"es_ES","og_type":"article","og_title":"Pol\u00edtica de Privacidad | Taller JM - Protecci\u00f3n de Datos Personales","og_description":"Consulta la Pol\u00edtica de Privacidad de Taller JM. Descubre c\u00f3mo recogemos, utilizamos y protegemos tus datos personales y los derechos que tienes como usuario.","og_url":"https:\/\/www.tallerjm.com\/es\/politica-de-privacidad\/","og_site_name":"Taller J.M.","article_modified_time":"2026-02-16T17:02:18+00:00","twitter_card":"summary_large_image","schema":{"@context":"https:\/\/schema.org","@graph":[{"@type":"WebPage","@id":"https:\/\/www.tallerjm.com\/es\/politica-de-privacidad\/","url":"https:\/\/www.tallerjm.com\/es\/politica-de-privacidad\/","name":"Pol\u00edtica de Privacidad | Taller JM - Protecci\u00f3n de Datos Personales","isPartOf":{"@id":"https:\/\/www.tallerjm.com\/es\/#website"},"datePublished":"2026-01-30T11:03:28+00:00","dateModified":"2026-02-16T17:02:18+00:00","description":"Consulta la Pol\u00edtica de Privacidad de Taller JM. Descubre c\u00f3mo recogemos, utilizamos y protegemos tus datos personales y los derechos que tienes como usuario.","breadcrumb":{"@id":"https:\/\/www.tallerjm.com\/es\/politica-de-privacidad\/#breadcrumb"},"inLanguage":"es","potentialAction":[{"@type":"ReadAction","target":["https:\/\/www.tallerjm.com\/es\/politica-de-privacidad\/"]}]},{"@type":"BreadcrumbList","@id":"https:\/\/www.tallerjm.com\/es\/politica-de-privacidad\/#breadcrumb","itemListElement":[{"@type":"ListItem","position":1,"name":"Inici","item":"https:\/\/www.tallerjm.com\/es\/"},{"@type":"ListItem","position":2,"name":"Pol\u00edtica de privacidad"}]},{"@type":"WebSite","@id":"https:\/\/www.tallerjm.com\/es\/#website","url":"https:\/\/www.tallerjm.com\/es\/","name":"Taller J.M.","description":"","potentialAction":[{"@type":"SearchAction","target":{"@type":"EntryPoint","urlTemplate":"https:\/\/www.tallerjm.com\/es\/?s={search_term_string}"},"query-input":{"@type":"PropertyValueSpecification","valueRequired":true,"valueName":"search_term_string"}}],"inLanguage":"es"}]}},"_links":{"self":[{"href":"https:\/\/www.tallerjm.com\/es\/wp-json\/wp\/v2\/pages\/642","targetHints":{"allow":["GET"]}}],"collection":[{"href":"https:\/\/www.tallerjm.com\/es\/wp-json\/wp\/v2\/pages"}],"about":[{"href":"https:\/\/www.tallerjm.com\/es\/wp-json\/wp\/v2\/types\/page"}],"author":[{"embeddable":true,"href":"https:\/\/www.tallerjm.com\/es\/wp-json\/wp\/v2\/users\/1"}],"replies":[{"embeddable":true,"href":"https:\/\/www.tallerjm.com\/es\/wp-json\/wp\/v2\/comments?post=642"}],"version-history":[{"count":3,"href":"https:\/\/www.tallerjm.com\/es\/wp-json\/wp\/v2\/pages\/642\/revisions"}],"predecessor-version":[{"id":678,"href":"https:\/\/www.tallerjm.com\/es\/wp-json\/wp\/v2\/pages\/642\/revisions\/678"}],"wp:attachment":[{"href":"https:\/\/www.tallerjm.com\/es\/wp-json\/wp\/v2\/media?parent=642"}],"curies":[{"name":"wp","href":"https:\/\/api.w.org\/{rel}","templated":true}]}}