{"id":659,"date":"2026-01-28T17:37:29","date_gmt":"2026-01-28T15:37:29","guid":{"rendered":"https:\/\/www.tallerjm.com\/servicios\/substitucio-dembragatge\/"},"modified":"2026-02-18T14:53:07","modified_gmt":"2026-02-18T12:53:07","slug":"sustitucion-de-embrague","status":"publish","type":"page","link":"https:\/\/www.tallerjm.com\/es\/servicios\/sustitucion-de-embrague\/","title":{"rendered":"Sustituci\u00f3n de embrague"},"content":{"rendered":"","protected":false},"excerpt":{"rendered":"","protected":false},"author":1,"featured_media":0,"parent":647,"menu_order":0,"comment_status":"open","ping_status":"closed","template":"","meta":{"footnotes":""},"class_list":["post-659","page","type-page","status-publish","hentry"],"yoast_head":"<!-- This site is optimized with the Yoast SEO plugin v27.5 - https:\/\/yoast.com\/product\/yoast-seo-wordpress\/ -->\n<title>Cambio de embrague en Manresa | Sustituci\u00f3n completa \u00b7 JM<\/title>\n<meta name=\"description\" content=\"Cambio de embrague en Manresa con diagnosis completa. Kit completo, ajuste del pedal y revisi\u00f3n hidr\u00e1ulica. Piezas de calidad e instalaci\u00f3n profesional.\" \/>\n<meta name=\"robots\" content=\"index, follow, max-snippet:-1, max-image-preview:large, max-video-preview:-1\" \/>\n<link rel=\"canonical\" href=\"https:\/\/www.tallerjm.com\/es\/servicios\/sustitucion-de-embrague\/\" \/>\n<meta property=\"og:locale\" content=\"es_ES\" \/>\n<meta property=\"og:type\" content=\"article\" \/>\n<meta property=\"og:title\" content=\"Cambio de embrague en Manresa | Sustituci\u00f3n completa \u00b7 JM\" \/>\n<meta property=\"og:description\" content=\"Cambio de embrague en Manresa con diagnosis completa. Kit completo, ajuste del pedal y revisi\u00f3n hidr\u00e1ulica. Piezas de calidad e instalaci\u00f3n profesional.\" \/>\n<meta property=\"og:url\" content=\"https:\/\/www.tallerjm.com\/es\/servicios\/sustitucion-de-embrague\/\" \/>\n<meta property=\"og:site_name\" content=\"Taller J.M.\" \/>\n<meta property=\"article:modified_time\" content=\"2026-02-18T12:53:07+00:00\" \/>\n<meta name=\"twitter:card\" content=\"summary_large_image\" \/>\n<script type=\"application\/ld+json\" class=\"yoast-schema-graph\">{\"@context\":\"https:\\\/\\\/schema.org\",\"@graph\":[{\"@type\":\"WebPage\",\"@id\":\"https:\\\/\\\/www.tallerjm.com\\\/es\\\/servicios\\\/sustitucion-de-embrague\\\/\",\"url\":\"https:\\\/\\\/www.tallerjm.com\\\/es\\\/servicios\\\/sustitucion-de-embrague\\\/\",\"name\":\"Cambio de embrague en Manresa | Sustituci\u00f3n completa \u00b7 JM\",\"isPartOf\":{\"@id\":\"https:\\\/\\\/www.tallerjm.com\\\/es\\\/#website\"},\"datePublished\":\"2026-01-28T15:37:29+00:00\",\"dateModified\":\"2026-02-18T12:53:07+00:00\",\"description\":\"Cambio de embrague en Manresa con diagnosis completa. Kit completo, ajuste del pedal y revisi\u00f3n hidr\u00e1ulica. Piezas de calidad e instalaci\u00f3n profesional.\",\"breadcrumb\":{\"@id\":\"https:\\\/\\\/www.tallerjm.com\\\/es\\\/servicios\\\/sustitucion-de-embrague\\\/#breadcrumb\"},\"inLanguage\":\"es\",\"potentialAction\":[{\"@type\":\"ReadAction\",\"target\":[\"https:\\\/\\\/www.tallerjm.com\\\/es\\\/servicios\\\/sustitucion-de-embrague\\\/\"]}]},{\"@type\":\"BreadcrumbList\",\"@id\":\"https:\\\/\\\/www.tallerjm.com\\\/es\\\/servicios\\\/sustitucion-de-embrague\\\/#breadcrumb\",\"itemListElement\":[{\"@type\":\"ListItem\",\"position\":1,\"name\":\"Inici\",\"item\":\"https:\\\/\\\/www.tallerjm.com\\\/es\\\/\"},{\"@type\":\"ListItem\",\"position\":2,\"name\":\"Servicios\",\"item\":\"https:\\\/\\\/www.tallerjm.com\\\/es\\\/serveis\\\/\"},{\"@type\":\"ListItem\",\"position\":3,\"name\":\"Sustituci\u00f3n de embrague\"}]},{\"@type\":\"WebSite\",\"@id\":\"https:\\\/\\\/www.tallerjm.com\\\/es\\\/#website\",\"url\":\"https:\\\/\\\/www.tallerjm.com\\\/es\\\/\",\"name\":\"Taller J.M.\",\"description\":\"\",\"potentialAction\":[{\"@type\":\"SearchAction\",\"target\":{\"@type\":\"EntryPoint\",\"urlTemplate\":\"https:\\\/\\\/www.tallerjm.com\\\/es\\\/?s={search_term_string}\"},\"query-input\":{\"@type\":\"PropertyValueSpecification\",\"valueRequired\":true,\"valueName\":\"search_term_string\"}}],\"inLanguage\":\"es\"}]}<\/script>\n<!-- \/ Yoast SEO plugin. -->","yoast_head_json":{"title":"Cambio de embrague en Manresa | Sustituci\u00f3n completa \u00b7 JM","description":"Cambio de embrague en Manresa con diagnosis completa. Kit completo, ajuste del pedal y revisi\u00f3n hidr\u00e1ulica. Piezas de calidad e instalaci\u00f3n profesional.","robots":{"index":"index","follow":"follow","max-snippet":"max-snippet:-1","max-image-preview":"max-image-preview:large","max-video-preview":"max-video-preview:-1"},"canonical":"https:\/\/www.tallerjm.com\/es\/servicios\/sustitucion-de-embrague\/","og_locale":"es_ES","og_type":"article","og_title":"Cambio de embrague en Manresa | Sustituci\u00f3n completa \u00b7 JM","og_description":"Cambio de embrague en Manresa con diagnosis completa. Kit completo, ajuste del pedal y revisi\u00f3n hidr\u00e1ulica. Piezas de calidad e instalaci\u00f3n profesional.","og_url":"https:\/\/www.tallerjm.com\/es\/servicios\/sustitucion-de-embrague\/","og_site_name":"Taller J.M.","article_modified_time":"2026-02-18T12:53:07+00:00","twitter_card":"summary_large_image","schema":{"@context":"https:\/\/schema.org","@graph":[{"@type":"WebPage","@id":"https:\/\/www.tallerjm.com\/es\/servicios\/sustitucion-de-embrague\/","url":"https:\/\/www.tallerjm.com\/es\/servicios\/sustitucion-de-embrague\/","name":"Cambio de embrague en Manresa | Sustituci\u00f3n completa \u00b7 JM","isPartOf":{"@id":"https:\/\/www.tallerjm.com\/es\/#website"},"datePublished":"2026-01-28T15:37:29+00:00","dateModified":"2026-02-18T12:53:07+00:00","description":"Cambio de embrague en Manresa con diagnosis completa. Kit completo, ajuste del pedal y revisi\u00f3n hidr\u00e1ulica. Piezas de calidad e instalaci\u00f3n profesional.","breadcrumb":{"@id":"https:\/\/www.tallerjm.com\/es\/servicios\/sustitucion-de-embrague\/#breadcrumb"},"inLanguage":"es","potentialAction":[{"@type":"ReadAction","target":["https:\/\/www.tallerjm.com\/es\/servicios\/sustitucion-de-embrague\/"]}]},{"@type":"BreadcrumbList","@id":"https:\/\/www.tallerjm.com\/es\/servicios\/sustitucion-de-embrague\/#breadcrumb","itemListElement":[{"@type":"ListItem","position":1,"name":"Inici","item":"https:\/\/www.tallerjm.com\/es\/"},{"@type":"ListItem","position":2,"name":"Servicios","item":"https:\/\/www.tallerjm.com\/es\/serveis\/"},{"@type":"ListItem","position":3,"name":"Sustituci\u00f3n de embrague"}]},{"@type":"WebSite","@id":"https:\/\/www.tallerjm.com\/es\/#website","url":"https:\/\/www.tallerjm.com\/es\/","name":"Taller J.M.","description":"","potentialAction":[{"@type":"SearchAction","target":{"@type":"EntryPoint","urlTemplate":"https:\/\/www.tallerjm.com\/es\/?s={search_term_string}"},"query-input":{"@type":"PropertyValueSpecification","valueRequired":true,"valueName":"search_term_string"}}],"inLanguage":"es"}]}},"_links":{"self":[{"href":"https:\/\/www.tallerjm.com\/es\/wp-json\/wp\/v2\/pages\/659","targetHints":{"allow":["GET"]}}],"collection":[{"href":"https:\/\/www.tallerjm.com\/es\/wp-json\/wp\/v2\/pages"}],"about":[{"href":"https:\/\/www.tallerjm.com\/es\/wp-json\/wp\/v2\/types\/page"}],"author":[{"embeddable":true,"href":"https:\/\/www.tallerjm.com\/es\/wp-json\/wp\/v2\/users\/1"}],"replies":[{"embeddable":true,"href":"https:\/\/www.tallerjm.com\/es\/wp-json\/wp\/v2\/comments?post=659"}],"version-history":[{"count":1,"href":"https:\/\/www.tallerjm.com\/es\/wp-json\/wp\/v2\/pages\/659\/revisions"}],"predecessor-version":[{"id":660,"href":"https:\/\/www.tallerjm.com\/es\/wp-json\/wp\/v2\/pages\/659\/revisions\/660"}],"up":[{"embeddable":true,"href":"https:\/\/www.tallerjm.com\/es\/wp-json\/wp\/v2\/pages\/647"}],"wp:attachment":[{"href":"https:\/\/www.tallerjm.com\/es\/wp-json\/wp\/v2\/media?parent=659"}],"curies":[{"name":"wp","href":"https:\/\/api.w.org\/{rel}","templated":true}]}}